{"id":2237,"date":"2023-11-22T08:03:55","date_gmt":"2023-11-22T08:03:55","guid":{"rendered":"https:\/\/grupasajewski.pl\/?page_id=2237"},"modified":"2023-12-06T09:52:01","modified_gmt":"2023-12-06T09:52:01","slug":"skup-owocow","status":"publish","type":"page","link":"https:\/\/grupasajewski.pl\/index.php\/skup-owocow\/","title":{"rendered":"Skup owoc\u00f3w"},"content":{"rendered":"\t\t<div data-elementor-type=\"wp-page\" data-elementor-id=\"2237\" class=\"elementor elementor-2237\">\n\t\t\t\t\t\t<section class=\"elementor-section elementor-top-section elementor-element elementor-element-48f175e7 elementor-section-boxed elementor-section-height-default elementor-section-height-default\" data-id=\"48f175e7\" data-element_type=\"section\" data-settings=\"{&quot;background_background&quot;:&quot;classic&quot;}\">\n\t\t\t\t\t\t<div class=\"elementor-container elementor-column-gap-no\">\n\t\t\t\t\t<div class=\"aux-parallax-section elementor-column elementor-col-100 elementor-top-column elementor-element elementor-element-5c79f8d4\" data-id=\"5c79f8d4\" data-element_type=\"column\">\n\t\t\t<div class=\"elementor-widget-wrap elementor-element-populated\">\n\t\t\t\t\t\t<div class=\"elementor-element elementor-element-47d474c aux-appear-watch-animation aux-fade-in-up elementor-widget elementor-widget-aux_modern_heading\" data-id=\"47d474c\" data-element_type=\"widget\" data-widget_type=\"aux_modern_heading.default\">\n\t\t\t\t<div class=\"elementor-widget-container\">\n\t\t\t\t\t<section class=\"aux-widget-modern-heading\">\n            <div class=\"aux-widget-inner\"><h5 class=\"aux-modern-heading-primary\"><\/h5><\/div>\n        <\/section>\t\t\t\t<\/div>\n\t\t\t\t<\/div>\n\t\t\t\t\t<\/div>\n\t\t<\/div>\n\t\t\t\t\t<\/div>\n\t\t<\/section>\n\t\t\t\t<section class=\"elementor-section elementor-top-section elementor-element elementor-element-71593cde elementor-reverse-tablet elementor-reverse-mobile elementor-section-boxed elementor-section-height-default elementor-section-height-default\" data-id=\"71593cde\" data-element_type=\"section\">\n\t\t\t\t\t\t<div class=\"elementor-container elementor-column-gap-no\">\n\t\t\t\t\t<div class=\"aux-parallax-section elementor-column elementor-col-50 elementor-top-column elementor-element elementor-element-2dec4a47\" data-id=\"2dec4a47\" data-element_type=\"column\">\n\t\t\t<div class=\"elementor-widget-wrap elementor-element-populated\">\n\t\t\t\t\t\t<div class=\"elementor-element elementor-element-5c7e24b7 aux-appear-watch-animation aux-fade-in-up elementor-widget elementor-widget-aux_modern_heading\" data-id=\"5c7e24b7\" data-element_type=\"widget\" data-widget_type=\"aux_modern_heading.default\">\n\t\t\t\t<div class=\"elementor-widget-container\">\n\t\t\t\t\t<section class=\"aux-widget-modern-heading\">\n            <div class=\"aux-widget-inner\"><h5 class=\"aux-modern-heading-primary\"><\/h5><h3 class=\"aux-modern-heading-secondary\"><span class=\"aux-head-before\">SKUP <br> OWOC\u00d3W <BR><\/span><span class=\"aux-head-highlight\">SEZON 2024 <\/span><\/h3><div class=\"aux-modern-heading-description\"><p>FIRMA POSZUKUJE<br \/>OS\u00d3B ODPOWIEDZIALNYCH<br \/>DO ZAK\u0141ADANIA I PROWADZENIA<br \/>SKUPU<\/p><\/div><\/div>\n        <\/section>\t\t\t\t<\/div>\n\t\t\t\t<\/div>\n\t\t\t\t<div class=\"elementor-element elementor-element-ebf6d72 elementor-widget elementor-widget-text-editor\" data-id=\"ebf6d72\" data-element_type=\"widget\" data-widget_type=\"text-editor.default\">\n\t\t\t\t<div class=\"elementor-widget-container\">\n\t\t\t\t\t\t\t\t\t<h5>JAG\u00d3D LE\u015aNYCH, ARONII, TRUSKAWKI, WI\u015aNI, CZARNEGO BZU,<br>MALINY CZERWONEJ I CZARNEJ, PORZECZKI, JAB\u0141EK, JE\u017bYNY<\/h5>\t\t\t\t\t\t\t\t<\/div>\n\t\t\t\t<\/div>\n\t\t\t\t<div class=\"elementor-element elementor-element-3402c9b elementor-widget elementor-widget-text-editor\" data-id=\"3402c9b\" data-element_type=\"widget\" data-widget_type=\"text-editor.default\">\n\t\t\t\t<div class=\"elementor-widget-container\">\n\t\t\t\t\t\t\t\t\t<p><strong>FIRMA ZAPEWNIA OPAKOWANIA NA WYMIAN\u0118,<\/strong><br \/><strong>ATRAKCYJNE WYNAGRODZENIE, P\u0141YNNO\u015a\u0106 FINANSOW\u0104,<\/strong><br \/><strong>KONKURENCYJNE CENY, MI\u0141A I BEZPROBLEMOW\u0104 WSP\u00d3\u0141PRAC\u0118. <\/strong><\/p>\t\t\t\t\t\t\t\t<\/div>\n\t\t\t\t<\/div>\n\t\t\t\t<div class=\"elementor-element elementor-element-8ba5940 elementor-widget elementor-widget-heading\" data-id=\"8ba5940\" data-element_type=\"widget\" data-widget_type=\"heading.default\">\n\t\t\t\t<div class=\"elementor-widget-container\">\n\t\t\t\t\t<h2 class=\"elementor-heading-title elementor-size-default\">Zainteresowany ? <\/h2>\t\t\t\t<\/div>\n\t\t\t\t<\/div>\n\t\t\t\t<div class=\"elementor-element elementor-element-2c30aaf elementor-widget elementor-widget-button\" data-id=\"2c30aaf\" data-element_type=\"widget\" data-widget_type=\"button.default\">\n\t\t\t\t<div class=\"elementor-widget-container\">\n\t\t\t\t\t\t\t\t\t<div class=\"elementor-button-wrapper\">\n\t\t\t\t\t<a class=\"elementor-button elementor-size-sm\" role=\"button\">\n\t\t\t\t\t\t<span class=\"elementor-button-content-wrapper\">\n\t\t\t\t\t\t\t\t\t<span class=\"elementor-button-text\">Zadzwo\u0144: 539 959 578<\/span>\n\t\t\t\t\t<\/span>\n\t\t\t\t\t<\/a>\n\t\t\t\t<\/div>\n\t\t\t\t\t\t\t\t<\/div>\n\t\t\t\t<\/div>\n\t\t\t\t\t<\/div>\n\t\t<\/div>\n\t\t\t\t<div class=\"aux-parallax-section elementor-column elementor-col-50 elementor-top-column elementor-element elementor-element-327f3621\" data-id=\"327f3621\" data-element_type=\"column\">\n\t\t\t<div class=\"elementor-widget-wrap elementor-element-populated\">\n\t\t\t\t\t\t<div class=\"elementor-element elementor-element-5f308291 aux-appear-watch-animation aux-scale-up elementor-widget elementor-widget-aux_image\" data-id=\"5f308291\" data-element_type=\"widget\" data-widget_type=\"aux_image.default\">\n\t\t\t\t<div class=\"elementor-widget-container\">\n\t\t\t\t\t<section class=\"widget-container aux-widget-image aux-alignnone aux-parent-au8d455308\">\n    <div class=\"aux-media-hint-frame \">\n        <div class=\"aux-media-image \" >\n        \n            \n\n            \n            <img fetchpriority=\"high\" decoding=\"async\" width=\"1600\" height=\"2271\" src=\"https:\/\/grupasajewski.pl\/wp-content\/uploads\/2023\/12\/SKUP_OWOCOW_SAJEWSKI_SEZON2024.png\" class=\"aux-attachment aux-featured-image aux-attachment-id-2391\" alt=\"SKUP_OWOC\u00d3W_SAJEWSKI_SEZON2024\" data-ratio=\"0.7\" data-original-w=\"1600\" \/>            \n                <\/div>\n    <\/div>\n\n<\/section><!-- widget-container -->\t\t\t\t<\/div>\n\t\t\t\t<\/div>\n\t\t\t\t\t<\/div>\n\t\t<\/div>\n\t\t\t\t\t<\/div>\n\t\t<\/section>\n\t\t\t\t<section class=\"elementor-section elementor-top-section elementor-element elementor-element-0583439 elementor-section-boxed elementor-section-height-default elementor-section-height-default\" data-id=\"0583439\" data-element_type=\"section\">\n\t\t\t\t\t\t<div class=\"elementor-container elementor-column-gap-no\">\n\t\t\t\t\t<div class=\"aux-parallax-section elementor-column elementor-col-100 elementor-top-column elementor-element elementor-element-ca70d33\" data-id=\"ca70d33\" data-element_type=\"column\" data-settings=\"{&quot;background_background&quot;:&quot;classic&quot;}\">\n\t\t\t<div class=\"elementor-widget-wrap elementor-element-populated\">\n\t\t\t\t\t\t<section class=\"elementor-section elementor-inner-section elementor-element elementor-element-6914bc5 elementor-section-boxed elementor-section-height-default elementor-section-height-default\" data-id=\"6914bc5\" data-element_type=\"section\">\n\t\t\t\t\t\t<div class=\"elementor-container elementor-column-gap-no\">\n\t\t\t\t\t<div class=\"aux-parallax-section elementor-column elementor-col-33 elementor-inner-column elementor-element elementor-element-b5829f3\" data-id=\"b5829f3\" data-element_type=\"column\">\n\t\t\t<div class=\"elementor-widget-wrap elementor-element-populated\">\n\t\t\t\t\t\t<div class=\"elementor-element elementor-element-1b3f529 elementor-widget__width-auto elementor-widget elementor-widget-aux_icon_list\" data-id=\"1b3f529\" data-element_type=\"widget\" data-widget_type=\"aux_icon_list.default\">\n\t\t\t\t<div class=\"elementor-widget-container\">\n\t\t\t\t\t<section class=\"widget-container aux-widget-icon-list aux-parent-au6dc95ca2\"><div class=\"widget-inner\"><div class=\"aux-widget-icon-list-inner\"><ul class=\"aux-icon-list-items aux-direction-default\"><li class=\"aux-icon-list-item aux-list-item-has-icon aux-icon-list-item-e00a332 elementor-repeater-item-e00a332\"><span class=\"aux-icon-list-text\">lat<\/span><\/li><li class=\"aux-icon-list-item aux-list-item-has-icon aux-icon-list-item-7730ef8 elementor-repeater-item-7730ef8\"><span class=\"aux-icon-list-text\">do\u015bwiadczenia<\/span><\/li><\/ul><\/div><\/div><\/section><!-- widget-container -->\t\t\t\t<\/div>\n\t\t\t\t<\/div>\n\t\t\t\t\t<\/div>\n\t\t<\/div>\n\t\t\t\t<div class=\"aux-parallax-section elementor-column elementor-col-33 elementor-inner-column elementor-element elementor-element-8f3362e\" data-id=\"8f3362e\" data-element_type=\"column\">\n\t\t\t<div class=\"elementor-widget-wrap elementor-element-populated\">\n\t\t\t\t\t\t<div class=\"elementor-element elementor-element-df3c611 elementor-widget__width-auto elementor-widget elementor-widget-aux_icon_list\" data-id=\"df3c611\" data-element_type=\"widget\" data-widget_type=\"aux_icon_list.default\">\n\t\t\t\t<div class=\"elementor-widget-container\">\n\t\t\t\t\t<section class=\"widget-container aux-widget-icon-list aux-parent-au41760044\"><div class=\"widget-inner\"><div class=\"aux-widget-icon-list-inner\"><ul class=\"aux-icon-list-items aux-direction-default\"><li class=\"aux-icon-list-item aux-list-item-has-icon aux-icon-list-item-e00a332 elementor-repeater-item-e00a332\"><span class=\"aux-icon-list-text\">zadowolonych<\/span><\/li><li class=\"aux-icon-list-item aux-list-item-has-icon aux-icon-list-item-7730ef8 elementor-repeater-item-7730ef8\"><span class=\"aux-icon-list-text\">klient\u00f3w<\/span><\/li><\/ul><\/div><\/div><\/section><!-- widget-container -->\t\t\t\t<\/div>\n\t\t\t\t<\/div>\n\t\t\t\t\t<\/div>\n\t\t<\/div>\n\t\t\t\t<div class=\"aux-parallax-section elementor-column elementor-col-33 elementor-inner-column elementor-element elementor-element-8a28171\" data-id=\"8a28171\" data-element_type=\"column\">\n\t\t\t<div class=\"elementor-widget-wrap elementor-element-populated\">\n\t\t\t\t\t\t<div class=\"elementor-element elementor-element-c00ec72 elementor-widget__width-auto elementor-widget elementor-widget-aux_icon_list\" data-id=\"c00ec72\" data-element_type=\"widget\" data-widget_type=\"aux_icon_list.default\">\n\t\t\t\t<div class=\"elementor-widget-container\">\n\t\t\t\t\t<section class=\"widget-container aux-widget-icon-list aux-parent-aua123200a\"><div class=\"widget-inner\"><div class=\"aux-widget-icon-list-inner\"><ul class=\"aux-icon-list-items aux-direction-default\"><li class=\"aux-icon-list-item aux-list-item-has-icon aux-icon-list-item-e00a332 elementor-repeater-item-e00a332\"><span class=\"aux-icon-list-text\">przejechanych<\/span><\/li><li class=\"aux-icon-list-item aux-list-item-has-icon aux-icon-list-item-7730ef8 elementor-repeater-item-7730ef8\"><span class=\"aux-icon-list-text\">kilometr\u00f3w<\/span><\/li><\/ul><\/div><\/div><\/section><!-- widget-container -->\t\t\t\t<\/div>\n\t\t\t\t<\/div>\n\t\t\t\t\t<\/div>\n\t\t<\/div>\n\t\t\t\t\t<\/div>\n\t\t<\/section>\n\t\t\t\t\t<\/div>\n\t\t<\/div>\n\t\t\t\t\t<\/div>\n\t\t<\/section>\n\t\t\t\t<\/div>\n\t\t","protected":false},"excerpt":{"rendered":"<p>SKUP OWOC\u00d3W SEZON 2024 FIRMA POSZUKUJEOS\u00d3B ODPOWIEDZIALNYCHDO ZAK\u0141ADANIA I PROWADZENIASKUPU JAG\u00d3D LE\u015aNYCH, ARONII, TRUSKAWKI, WI\u015aNI, CZARNEGO BZU,MALINY CZERWONEJ I CZARNEJ, PORZECZKI, JAB\u0141EK, JE\u017bYNY FIRMA ZAPEWNIA OPAKOWANIA NA WYMIAN\u0118,ATRAKCYJNE WYNAGRODZENIE, P\u0141YNNO\u015a\u0106 FINANSOW\u0104,KONKURENCYJNE CENY, MI\u0141A I BEZPROBLEMOW\u0104 WSP\u00d3\u0141PRAC\u0118. Zainteresowany ? Zadzwo\u0144: 539 959 578 0 lat do\u015bwiadczenia + 0 zadowolonych klient\u00f3w + 1000000 przejechanych kilometr\u00f3w<\/p>\n","protected":false},"author":1,"featured_media":0,"parent":0,"menu_order":0,"comment_status":"closed","ping_status":"closed","template":"","meta":{"footnotes":""},"class_list":["post-2237","page","type-page","status-publish","hentry"],"_links":{"self":[{"href":"https:\/\/grupasajewski.pl\/index.php\/wp-json\/wp\/v2\/pages\/2237","targetHints":{"allow":["GET"]}}],"collection":[{"href":"https:\/\/grupasajewski.pl\/index.php\/wp-json\/wp\/v2\/pages"}],"about":[{"href":"https:\/\/grupasajewski.pl\/index.php\/wp-json\/wp\/v2\/types\/page"}],"author":[{"embeddable":true,"href":"https:\/\/grupasajewski.pl\/index.php\/wp-json\/wp\/v2\/users\/1"}],"replies":[{"embeddable":true,"href":"https:\/\/grupasajewski.pl\/index.php\/wp-json\/wp\/v2\/comments?post=2237"}],"version-history":[{"count":58,"href":"https:\/\/grupasajewski.pl\/index.php\/wp-json\/wp\/v2\/pages\/2237\/revisions"}],"predecessor-version":[{"id":2415,"href":"https:\/\/grupasajewski.pl\/index.php\/wp-json\/wp\/v2\/pages\/2237\/revisions\/2415"}],"wp:attachment":[{"href":"https:\/\/grupasajewski.pl\/index.php\/wp-json\/wp\/v2\/media?parent=2237"}],"curies":[{"name":"wp","href":"https:\/\/api.w.org\/{rel}","templated":true}]}}