{"id":2464,"date":"2023-12-06T15:33:43","date_gmt":"2023-12-06T15:33:43","guid":{"rendered":"https:\/\/grupasajewski.pl\/?page_id=2464"},"modified":"2023-12-06T18:13:14","modified_gmt":"2023-12-06T18:13:14","slug":"nieruchomosci","status":"publish","type":"page","link":"https:\/\/grupasajewski.pl\/index.php\/nieruchomosci\/","title":{"rendered":"Nieruchomo\u015bci"},"content":{"rendered":"\t\t<div data-elementor-type=\"wp-page\" data-elementor-id=\"2464\" class=\"elementor elementor-2464\">\n\t\t\t\t\t\t<section class=\"elementor-section elementor-top-section elementor-element elementor-element-48f175e7 elementor-section-boxed elementor-section-height-default elementor-section-height-default\" data-id=\"48f175e7\" data-element_type=\"section\" data-settings=\"{&quot;background_background&quot;:&quot;classic&quot;}\">\n\t\t\t\t\t\t<div class=\"elementor-container elementor-column-gap-no\">\n\t\t\t\t\t<div class=\"aux-parallax-section elementor-column elementor-col-100 elementor-top-column elementor-element elementor-element-5c79f8d4\" data-id=\"5c79f8d4\" data-element_type=\"column\">\n\t\t\t<div class=\"elementor-widget-wrap elementor-element-populated\">\n\t\t\t\t\t\t<div class=\"elementor-element elementor-element-47d474c aux-appear-watch-animation aux-fade-in-up elementor-widget elementor-widget-aux_modern_heading\" data-id=\"47d474c\" data-element_type=\"widget\" data-widget_type=\"aux_modern_heading.default\">\n\t\t\t\t<div class=\"elementor-widget-container\">\n\t\t\t\t\t<section class=\"aux-widget-modern-heading\">\n            <div class=\"aux-widget-inner\"><h5 class=\"aux-modern-heading-primary\"><\/h5><\/div>\n        <\/section>\t\t\t\t<\/div>\n\t\t\t\t<\/div>\n\t\t\t\t\t<\/div>\n\t\t<\/div>\n\t\t\t\t\t<\/div>\n\t\t<\/section>\n\t\t\t\t<section class=\"elementor-section elementor-top-section elementor-element elementor-element-15313ff elementor-reverse-tablet elementor-reverse-mobile elementor-section-boxed elementor-section-height-default elementor-section-height-default\" data-id=\"15313ff\" data-element_type=\"section\">\n\t\t\t\t\t\t<div class=\"elementor-container elementor-column-gap-no\">\n\t\t\t\t\t<div class=\"aux-parallax-section elementor-column elementor-col-50 elementor-top-column elementor-element elementor-element-17b5bb79\" data-id=\"17b5bb79\" data-element_type=\"column\">\n\t\t\t<div class=\"elementor-widget-wrap elementor-element-populated\">\n\t\t\t\t\t\t<div class=\"elementor-element elementor-element-f354021 aux-appear-watch-animation aux-fade-in-up elementor-widget elementor-widget-aux_modern_heading\" data-id=\"f354021\" data-element_type=\"widget\" data-widget_type=\"aux_modern_heading.default\">\n\t\t\t\t<div class=\"elementor-widget-container\">\n\t\t\t\t\t<section class=\"aux-widget-modern-heading\">\n            <div class=\"aux-widget-inner\"><h5 class=\"aux-modern-heading-primary\"><\/h5><h3 class=\"aux-modern-heading-secondary\"><span class=\"aux-head-before\">Nieruchomo\u015bci <\/span><\/h3><div class=\"aux-modern-heading-description\"><p>W swojej dzia\u0142alno\u015bci cz\u0119sto spotykali\u015bmy si\u0119 z pytaniami w\u0142a\u015bcicieli mieszka\u0144 i dom\u00f3w, czy jest mo\u017cliwy r\u00f3wnoczesny wynajem i sprzeda\u017c nieruchomo\u015bci. Inni z kolei, z g\u00f3ry zak\u0142adali, \u017ce taki model jest niemo\u017cliwy. Ot\u00f3\u017c rozwiewamy w\u0105tpliwo\u015bci. To jest mo\u017cliwe, a my mo\u017cemy zrobi\u0107 to dla Ciebie.\u00a0<\/p><\/div><\/div>\n        <\/section>\t\t\t\t<\/div>\n\t\t\t\t<\/div>\n\t\t\t\t\t<\/div>\n\t\t<\/div>\n\t\t\t\t<div class=\"aux-parallax-section elementor-column elementor-col-50 elementor-top-column elementor-element elementor-element-42ed3e5e\" data-id=\"42ed3e5e\" data-element_type=\"column\">\n\t\t\t<div class=\"elementor-widget-wrap elementor-element-populated\">\n\t\t\t\t\t\t<div class=\"elementor-element elementor-element-542c7b88 aux-appear-watch-animation aux-scale-up elementor-widget elementor-widget-aux_image\" data-id=\"542c7b88\" data-element_type=\"widget\" data-widget_type=\"aux_image.default\">\n\t\t\t\t<div class=\"elementor-widget-container\">\n\t\t\t\t\t<section class=\"widget-container aux-widget-image aux-alignnone aux-parent-au6f82a032\">\n    <div class=\"aux-media-hint-frame \">\n        <div class=\"aux-media-image \" >\n        \n            \n\n            \n            <img fetchpriority=\"high\" decoding=\"async\" width=\"1920\" height=\"1080\" src=\"https:\/\/grupasajewski.pl\/wp-content\/uploads\/2023\/12\/agencja-nieruchomosci-zlecenia-oferty-a.jpg\" class=\"aux-attachment aux-featured-image aux-attachment-id-2638\" alt=\"agencja-nieruchomosci-zlecenia-oferty-a\" data-ratio=\"1.78\" data-original-w=\"1920\" \/>            \n                <\/div>\n    <\/div>\n\n<\/section><!-- widget-container -->\t\t\t\t<\/div>\n\t\t\t\t<\/div>\n\t\t\t\t\t<\/div>\n\t\t<\/div>\n\t\t\t\t\t<\/div>\n\t\t<\/section>\n\t\t\t\t<section class=\"elementor-section elementor-top-section elementor-element elementor-element-34db5cf4 elementor-section-boxed elementor-section-height-default elementor-section-height-default\" data-id=\"34db5cf4\" data-element_type=\"section\" data-settings=\"{&quot;background_background&quot;:&quot;classic&quot;}\">\n\t\t\t\t\t\t\t<div class=\"elementor-background-overlay\"><\/div>\n\t\t\t\t\t\t\t<div class=\"elementor-container elementor-column-gap-default\">\n\t\t\t\t\t<div class=\"aux-parallax-section elementor-column elementor-col-50 elementor-top-column elementor-element elementor-element-5863856c\" data-id=\"5863856c\" data-element_type=\"column\">\n\t\t\t<div class=\"elementor-widget-wrap elementor-element-populated\">\n\t\t\t\t\t\t<div class=\"elementor-element elementor-element-70435457 aux-appear-watch-animation aux-fade-in-up elementor-widget elementor-widget-aux_modern_heading\" data-id=\"70435457\" data-element_type=\"widget\" data-widget_type=\"aux_modern_heading.default\">\n\t\t\t\t<div class=\"elementor-widget-container\">\n\t\t\t\t\t<section class=\"aux-widget-modern-heading\">\n            <div class=\"aux-widget-inner\"><h5 class=\"aux-modern-heading-primary\"><\/h5><h3 class=\"aux-modern-heading-secondary\"><span class=\"aux-head-before\">Zalet tego rozwi\u0105zania, nikomu nie trzeba przedstawia\u0107.<\/span><\/h3><\/div>\n        <\/section>\t\t\t\t<\/div>\n\t\t\t\t<\/div>\n\t\t\t\t<div class=\"elementor-element elementor-element-52a37747 elementor-widget elementor-widget-text-editor\" data-id=\"52a37747\" data-element_type=\"widget\" data-widget_type=\"text-editor.default\">\n\t\t\t\t<div class=\"elementor-widget-container\">\n\t\t\t\t\t\t\t\t\t<p>Obs\u0142uga hybrydowa gwarantuje uzyskiwanie przychodu z wynajmu do samego ko\u0144ca finalizacji sprzeda\u017cy nieruchomo\u015bci. To r\u00f3wnie\u017c bezpiecze\u0144stwo i komfort dla wszystkich stron transakcji, podczas zmiany w\u0142a\u015bcicieli. Wynajem hybrydowy zabezpiecza zar\u00f3wno interesy w\u0142a\u015bciciela, najemc\u00f3w, jak i kupuj\u0105cego. Mo\u017cliwo\u015b\u0107 oferowania mieszkania do sprzeda\u017cy, nawet w przypadku trwaj\u0105cej umowy wynajmu z najemc\u0105 Uzyskanie przychod\u00f3w z najmu do samego ko\u0144ca przepisania aktu w\u0142asno\u015bci na nowych w\u0142a\u015bcicieli Zabezpieczenie Twoich interes\u00f3w, obecnych najemc\u00f3w i kupuj\u0105cego Doradztwo na ka\u017cdym etapie, a tak\u017ce specjalistyczna pomoc prawna Czy to jest trudne do zrealizowania? Inwestorzy, z r\u00f3\u017cnych przyczyn czasami musz\u0105 wycofa\u0107 si\u0119 z wynajmu mieszkania, domu, czy lokalu i spieni\u0119\u017cy\u0107 nieruchomo\u015b\u0107. W tej sytuacji stoj\u0105 przed dylematem, jak przeprowadzi\u0107 sprzeda\u017c, aby nie utraci\u0107 zysk\u00f3w z wynajmu, przy jednoczesnej mo\u017cliwo\u015bci oferowania nieruchomo\u015bci na sprzeda\u017c. Problem wcale nie jest oczywisty i prosty do rozwi\u0105zania. Pojawia si\u0119 wiele kwestii prawnych i dodatkowych ustale\u0144 z nowym nabywc\u0105 nieruchomo\u015bci. Rodz\u0105 si\u0119 trudne i nieoczywiste pytania.<\/p>\t\t\t\t\t\t\t\t<\/div>\n\t\t\t\t<\/div>\n\t\t\t\t<div class=\"elementor-element elementor-element-59b0798f elementor-widget elementor-widget-heading\" data-id=\"59b0798f\" data-element_type=\"widget\" data-widget_type=\"heading.default\">\n\t\t\t\t<div class=\"elementor-widget-container\">\n\t\t\t\t\t<h2 class=\"elementor-heading-title elementor-size-default\">Wi\u0119cej szczeg\u00f3\u0142\u00f3w <br>udzielmy telefonicznie <\/h2>\t\t\t\t<\/div>\n\t\t\t\t<\/div>\n\t\t\t\t<div class=\"elementor-element elementor-element-4c660948 elementor-widget elementor-widget-button\" data-id=\"4c660948\" data-element_type=\"widget\" data-widget_type=\"button.default\">\n\t\t\t\t<div class=\"elementor-widget-container\">\n\t\t\t\t\t\t\t\t\t<div class=\"elementor-button-wrapper\">\n\t\t\t\t\t<a class=\"elementor-button elementor-size-sm\" role=\"button\">\n\t\t\t\t\t\t<span class=\"elementor-button-content-wrapper\">\n\t\t\t\t\t\t\t\t\t<span class=\"elementor-button-text\">tel. 539 959 578<\/span>\n\t\t\t\t\t<\/span>\n\t\t\t\t\t<\/a>\n\t\t\t\t<\/div>\n\t\t\t\t\t\t\t\t<\/div>\n\t\t\t\t<\/div>\n\t\t\t\t\t<\/div>\n\t\t<\/div>\n\t\t\t\t<div class=\"aux-parallax-section elementor-column elementor-col-50 elementor-top-column elementor-element elementor-element-011d580\" data-id=\"011d580\" data-element_type=\"column\">\n\t\t\t<div class=\"elementor-widget-wrap elementor-element-populated\">\n\t\t\t\t\t\t<div class=\"elementor-element elementor-element-5dd8ccd elementor-widget elementor-widget-image\" data-id=\"5dd8ccd\" data-element_type=\"widget\" data-widget_type=\"image.default\">\n\t\t\t\t<div class=\"elementor-widget-container\">\n\t\t\t\t\t\t\t\t\t\t\t\t\t\t\t<img decoding=\"async\" width=\"940\" height=\"788\" src=\"https:\/\/grupasajewski.pl\/wp-content\/uploads\/2023\/12\/nieruchomosc.jpg\" class=\"attachment-large size-large wp-image-2689\" alt=\"\" srcset=\"https:\/\/grupasajewski.pl\/wp-content\/uploads\/2023\/12\/nieruchomosc.jpg 940w, https:\/\/grupasajewski.pl\/wp-content\/uploads\/2023\/12\/nieruchomosc-200x168.jpg 200w\" sizes=\"(max-width: 940px) 100vw, 940px\" \/>\t\t\t\t\t\t\t\t\t\t\t\t\t\t\t<\/div>\n\t\t\t\t<\/div>\n\t\t\t\t\t<\/div>\n\t\t<\/div>\n\t\t\t\t\t<\/div>\n\t\t<\/section>\n\t\t\t\t<section class=\"elementor-section elementor-top-section elementor-element elementor-element-9449356 elementor-section-boxed elementor-section-height-default elementor-section-height-default\" data-id=\"9449356\" data-element_type=\"section\">\n\t\t\t\t\t\t<div class=\"elementor-container elementor-column-gap-default\">\n\t\t\t\t\t<div class=\"aux-parallax-section elementor-column elementor-col-100 elementor-top-column elementor-element elementor-element-3a01737\" data-id=\"3a01737\" data-element_type=\"column\">\n\t\t\t<div class=\"elementor-widget-wrap\">\n\t\t\t\t\t\t\t<\/div>\n\t\t<\/div>\n\t\t\t\t\t<\/div>\n\t\t<\/section>\n\t\t\t\t<section class=\"elementor-section elementor-top-section elementor-element elementor-element-0583439 elementor-section-boxed elementor-section-height-default elementor-section-height-default\" data-id=\"0583439\" data-element_type=\"section\">\n\t\t\t\t\t\t<div class=\"elementor-container elementor-column-gap-no\">\n\t\t\t\t\t<div class=\"aux-parallax-section elementor-column elementor-col-100 elementor-top-column elementor-element elementor-element-ca70d33\" data-id=\"ca70d33\" data-element_type=\"column\" data-settings=\"{&quot;background_background&quot;:&quot;classic&quot;}\">\n\t\t\t<div class=\"elementor-widget-wrap elementor-element-populated\">\n\t\t\t\t\t\t<section class=\"elementor-section elementor-inner-section elementor-element elementor-element-6914bc5 elementor-section-boxed elementor-section-height-default elementor-section-height-default\" data-id=\"6914bc5\" data-element_type=\"section\">\n\t\t\t\t\t\t<div class=\"elementor-container elementor-column-gap-no\">\n\t\t\t\t\t<div class=\"aux-parallax-section elementor-column elementor-col-33 elementor-inner-column elementor-element elementor-element-b5829f3\" data-id=\"b5829f3\" data-element_type=\"column\">\n\t\t\t<div class=\"elementor-widget-wrap elementor-element-populated\">\n\t\t\t\t\t\t<div class=\"elementor-element elementor-element-1b3f529 elementor-widget__width-auto elementor-widget elementor-widget-aux_icon_list\" data-id=\"1b3f529\" data-element_type=\"widget\" data-widget_type=\"aux_icon_list.default\">\n\t\t\t\t<div class=\"elementor-widget-container\">\n\t\t\t\t\t<section class=\"widget-container aux-widget-icon-list aux-parent-auf9e20fc4\"><div class=\"widget-inner\"><div class=\"aux-widget-icon-list-inner\"><ul class=\"aux-icon-list-items aux-direction-default\"><li class=\"aux-icon-list-item aux-list-item-has-icon aux-icon-list-item-e00a332 elementor-repeater-item-e00a332\"><span class=\"aux-icon-list-text\">lat<\/span><\/li><li class=\"aux-icon-list-item aux-list-item-has-icon aux-icon-list-item-7730ef8 elementor-repeater-item-7730ef8\"><span class=\"aux-icon-list-text\">do\u015bwiadczenia<\/span><\/li><\/ul><\/div><\/div><\/section><!-- widget-container -->\t\t\t\t<\/div>\n\t\t\t\t<\/div>\n\t\t\t\t\t<\/div>\n\t\t<\/div>\n\t\t\t\t<div class=\"aux-parallax-section elementor-column elementor-col-33 elementor-inner-column elementor-element elementor-element-8f3362e\" data-id=\"8f3362e\" data-element_type=\"column\">\n\t\t\t<div class=\"elementor-widget-wrap elementor-element-populated\">\n\t\t\t\t\t\t<div class=\"elementor-element elementor-element-df3c611 elementor-widget__width-auto elementor-widget elementor-widget-aux_icon_list\" data-id=\"df3c611\" data-element_type=\"widget\" data-widget_type=\"aux_icon_list.default\">\n\t\t\t\t<div class=\"elementor-widget-container\">\n\t\t\t\t\t<section class=\"widget-container aux-widget-icon-list aux-parent-au64c3ad34\"><div class=\"widget-inner\"><div class=\"aux-widget-icon-list-inner\"><ul class=\"aux-icon-list-items aux-direction-default\"><li class=\"aux-icon-list-item aux-list-item-has-icon aux-icon-list-item-e00a332 elementor-repeater-item-e00a332\"><span class=\"aux-icon-list-text\">zadowolonych<\/span><\/li><li class=\"aux-icon-list-item aux-list-item-has-icon aux-icon-list-item-7730ef8 elementor-repeater-item-7730ef8\"><span class=\"aux-icon-list-text\">klient\u00f3w<\/span><\/li><\/ul><\/div><\/div><\/section><!-- widget-container -->\t\t\t\t<\/div>\n\t\t\t\t<\/div>\n\t\t\t\t\t<\/div>\n\t\t<\/div>\n\t\t\t\t<div class=\"aux-parallax-section elementor-column elementor-col-33 elementor-inner-column elementor-element elementor-element-8a28171\" data-id=\"8a28171\" data-element_type=\"column\">\n\t\t\t<div class=\"elementor-widget-wrap elementor-element-populated\">\n\t\t\t\t\t\t<div class=\"elementor-element elementor-element-c00ec72 elementor-widget__width-auto elementor-widget elementor-widget-aux_icon_list\" data-id=\"c00ec72\" data-element_type=\"widget\" data-widget_type=\"aux_icon_list.default\">\n\t\t\t\t<div class=\"elementor-widget-container\">\n\t\t\t\t\t<section class=\"widget-container aux-widget-icon-list aux-parent-au0b2808a3\"><div class=\"widget-inner\"><div class=\"aux-widget-icon-list-inner\"><ul class=\"aux-icon-list-items aux-direction-default\"><li class=\"aux-icon-list-item aux-list-item-has-icon aux-icon-list-item-e00a332 elementor-repeater-item-e00a332\"><span class=\"aux-icon-list-text\">przejechanych<\/span><\/li><li class=\"aux-icon-list-item aux-list-item-has-icon aux-icon-list-item-7730ef8 elementor-repeater-item-7730ef8\"><span class=\"aux-icon-list-text\">kilometr\u00f3w<\/span><\/li><\/ul><\/div><\/div><\/section><!-- widget-container -->\t\t\t\t<\/div>\n\t\t\t\t<\/div>\n\t\t\t\t\t<\/div>\n\t\t<\/div>\n\t\t\t\t\t<\/div>\n\t\t<\/section>\n\t\t\t\t\t<\/div>\n\t\t<\/div>\n\t\t\t\t\t<\/div>\n\t\t<\/section>\n\t\t\t\t<\/div>\n\t\t","protected":false},"excerpt":{"rendered":"<p>Nieruchomo\u015bci W swojej dzia\u0142alno\u015bci cz\u0119sto spotykali\u015bmy si\u0119 z pytaniami w\u0142a\u015bcicieli mieszka\u0144 i dom\u00f3w, czy jest mo\u017cliwy r\u00f3wnoczesny wynajem i sprzeda\u017c nieruchomo\u015bci. Inni z kolei, z g\u00f3ry zak\u0142adali, \u017ce taki model jest niemo\u017cliwy. Ot\u00f3\u017c rozwiewamy w\u0105tpliwo\u015bci. To jest mo\u017cliwe, a my mo\u017cemy zrobi\u0107 to dla Ciebie.\u00a0 Zalet tego rozwi\u0105zania, nikomu nie trzeba przedstawia\u0107. Obs\u0142uga hybrydowa gwarantuje [&hellip;]<\/p>\n","protected":false},"author":1,"featured_media":0,"parent":0,"menu_order":0,"comment_status":"closed","ping_status":"closed","template":"","meta":{"footnotes":""},"class_list":["post-2464","page","type-page","status-publish","hentry"],"_links":{"self":[{"href":"https:\/\/grupasajewski.pl\/index.php\/wp-json\/wp\/v2\/pages\/2464","targetHints":{"allow":["GET"]}}],"collection":[{"href":"https:\/\/grupasajewski.pl\/index.php\/wp-json\/wp\/v2\/pages"}],"about":[{"href":"https:\/\/grupasajewski.pl\/index.php\/wp-json\/wp\/v2\/types\/page"}],"author":[{"embeddable":true,"href":"https:\/\/grupasajewski.pl\/index.php\/wp-json\/wp\/v2\/users\/1"}],"replies":[{"embeddable":true,"href":"https:\/\/grupasajewski.pl\/index.php\/wp-json\/wp\/v2\/comments?post=2464"}],"version-history":[{"count":43,"href":"https:\/\/grupasajewski.pl\/index.php\/wp-json\/wp\/v2\/pages\/2464\/revisions"}],"predecessor-version":[{"id":2698,"href":"https:\/\/grupasajewski.pl\/index.php\/wp-json\/wp\/v2\/pages\/2464\/revisions\/2698"}],"wp:attachment":[{"href":"https:\/\/grupasajewski.pl\/index.php\/wp-json\/wp\/v2\/media?parent=2464"}],"curies":[{"name":"wp","href":"https:\/\/api.w.org\/{rel}","templated":true}]}}